{"id":163,"date":"2021-12-15T15:23:51","date_gmt":"2021-12-15T14:23:51","guid":{"rendered":"https:\/\/altamirai.com\/?page_id=163"},"modified":"2023-05-08T14:18:41","modified_gmt":"2023-05-08T13:18:41","slug":"politica-de-privacidad","status":"publish","type":"page","link":"https:\/\/altamirai.com\/en\/politica-de-privacidad\/","title":{"rendered":"Privacy Policy"},"content":{"rendered":"<div data-elementor-type=\"wp-page\" data-elementor-id=\"163\" class=\"elementor elementor-163\" data-elementor-post-type=\"page\">\n\t\t\t\t\t\t\t\t\t<section class=\"elementor-section elementor-top-section elementor-element elementor-element-72ca9cf elementor-section-boxed elementor-section-height-default elementor-section-height-default\" data-id=\"72ca9cf\" data-element_type=\"section\" data-settings=\"{&quot;background_background&quot;:&quot;classic&quot;}\">\n\t\t\t\t\t\t<div class=\"elementor-container elementor-column-gap-default\">\n\t\t\t\t\t<div class=\"elementor-column elementor-col-100 elementor-top-column elementor-element elementor-element-6c11ba0\" data-id=\"6c11ba0\" data-element_type=\"column\">\n\t\t\t<div class=\"elementor-widget-wrap elementor-element-populated\">\n\t\t\t\t\t\t\t\t<div class=\"elementor-element elementor-element-70811b6 elementor-widget elementor-widget-text-editor\" data-id=\"70811b6\" data-element_type=\"widget\" data-widget_type=\"text-editor.default\">\n\t\t\t\t<div class=\"elementor-widget-container\">\n\t\t\t<style>\/*! elementor - v3.14.0 - 26-06-2023 *\/\n.elementor-widget-text-editor.elementor-drop-cap-view-stacked .elementor-drop-cap{background-color:#69727d;color:#fff}.elementor-widget-text-editor.elementor-drop-cap-view-framed .elementor-drop-cap{color:#69727d;border:3px solid;background-color:transparent}.elementor-widget-text-editor:not(.elementor-drop-cap-view-default) .elementor-drop-cap{margin-top:8px}.elementor-widget-text-editor:not(.elementor-drop-cap-view-default) .elementor-drop-cap-letter{width:1em;height:1em}.elementor-widget-text-editor .elementor-drop-cap{float:left;text-align:center;line-height:1;font-size:50px}.elementor-widget-text-editor .elementor-drop-cap-letter{display:inline-block}<\/style>\t\t\t\t<h1>Privacy Policy<\/h1>\t\t\t\t\t\t<\/div>\n\t\t\t\t<\/div>\n\t\t\t\t<div class=\"elementor-element elementor-element-1eeab66 elementor-widget-divider--separator-type-pattern elementor-widget-divider--no-spacing elementor-widget-divider--view-line elementor-widget elementor-widget-divider\" data-id=\"1eeab66\" data-element_type=\"widget\" data-widget_type=\"divider.default\">\n\t\t\t\t<div class=\"elementor-widget-container\">\n\t\t\t<style>\/*! elementor - v3.14.0 - 26-06-2023 *\/\n.elementor-widget-divider{--divider-border-style:none;--divider-border-width:1px;--divider-color:#0c0d0e;--divider-icon-size:20px;--divider-element-spacing:10px;--divider-pattern-height:24px;--divider-pattern-size:20px;--divider-pattern-url:none;--divider-pattern-repeat:repeat-x}.elementor-widget-divider .elementor-divider{display:flex}.elementor-widget-divider .elementor-divider__text{font-size:15px;line-height:1;max-width:95%}.elementor-widget-divider .elementor-divider__element{margin:0 var(--divider-element-spacing);flex-shrink:0}.elementor-widget-divider .elementor-icon{font-size:var(--divider-icon-size)}.elementor-widget-divider .elementor-divider-separator{display:flex;margin:0;direction:ltr}.elementor-widget-divider--view-line_icon .elementor-divider-separator,.elementor-widget-divider--view-line_text .elementor-divider-separator{align-items:center}.elementor-widget-divider--view-line_icon .elementor-divider-separator:after,.elementor-widget-divider--view-line_icon .elementor-divider-separator:before,.elementor-widget-divider--view-line_text .elementor-divider-separator:after,.elementor-widget-divider--view-line_text .elementor-divider-separator:before{display:block;content:\"\";border-bottom:0;flex-grow:1;border-top:var(--divider-border-width) var(--divider-border-style) var(--divider-color)}.elementor-widget-divider--element-align-left .elementor-divider .elementor-divider-separator>.elementor-divider__svg:first-of-type{flex-grow:0;flex-shrink:100}.elementor-widget-divider--element-align-left .elementor-divider-separator:before{content:none}.elementor-widget-divider--element-align-left .elementor-divider__element{margin-left:0}.elementor-widget-divider--element-align-right .elementor-divider .elementor-divider-separator>.elementor-divider__svg:last-of-type{flex-grow:0;flex-shrink:100}.elementor-widget-divider--element-align-right .elementor-divider-separator:after{content:none}.elementor-widget-divider--element-align-right .elementor-divider__element{margin-right:0}.elementor-widget-divider:not(.elementor-widget-divider--view-line_text):not(.elementor-widget-divider--view-line_icon) .elementor-divider-separator{border-top:var(--divider-border-width) var(--divider-border-style) var(--divider-color)}.elementor-widget-divider--separator-type-pattern{--divider-border-style:none}.elementor-widget-divider--separator-type-pattern.elementor-widget-divider--view-line .elementor-divider-separator,.elementor-widget-divider--separator-type-pattern:not(.elementor-widget-divider--view-line) .elementor-divider-separator:after,.elementor-widget-divider--separator-type-pattern:not(.elementor-widget-divider--view-line) .elementor-divider-separator:before,.elementor-widget-divider--separator-type-pattern:not([class*=elementor-widget-divider--view]) .elementor-divider-separator{width:100%;min-height:var(--divider-pattern-height);-webkit-mask-size:var(--divider-pattern-size) 100%;mask-size:var(--divider-pattern-size) 100%;-webkit-mask-repeat:var(--divider-pattern-repeat);mask-repeat:var(--divider-pattern-repeat);background-color:var(--divider-color);-webkit-mask-image:var(--divider-pattern-url);mask-image:var(--divider-pattern-url)}.elementor-widget-divider--no-spacing{--divider-pattern-size:auto}.elementor-widget-divider--bg-round{--divider-pattern-repeat:round}.rtl .elementor-widget-divider .elementor-divider__text{direction:rtl}.e-con-inner>.elementor-widget-divider,.e-con>.elementor-widget-divider{width:var(--container-widget-width,100%);--flex-grow:var(--container-widget-flex-grow)}<\/style>\t\t<div class=\"elementor-divider\" style=\"--divider-pattern-url: url(&quot;data:image\/svg+xml,%3Csvg xmlns=&#039;http:\/\/www.w3.org\/2000\/svg&#039; preserveAspectRatio=&#039;none&#039; overflow=&#039;visible&#039; height=&#039;100%&#039; viewBox=&#039;0 0 24 24&#039; fill=&#039;black&#039; stroke=&#039;none&#039;%3E%3Cpath d=&#039;M24,8v12H0V8H24z M24,4v1H0V4H24z&#039;\/%3E%3C\/svg%3E&quot;);\">\n\t\t\t<span class=\"elementor-divider-separator\">\n\t\t\t\t\t\t<\/span>\n\t\t<\/div>\n\t\t\t\t<\/div>\n\t\t\t\t<\/div>\n\t\t\t\t\t<\/div>\n\t\t<\/div>\n\t\t\t\t\t\t\t<\/div>\n\t\t<\/section>\n\t\t\t\t<section class=\"elementor-section elementor-top-section elementor-element elementor-element-1f70fac elementor-section-boxed elementor-section-height-default elementor-section-height-default\" data-id=\"1f70fac\" data-element_type=\"section\" data-settings=\"{&quot;background_background&quot;:&quot;classic&quot;}\">\n\t\t\t\t\t\t<div class=\"elementor-container elementor-column-gap-default\">\n\t\t\t\t\t<div class=\"elementor-column elementor-col-100 elementor-top-column elementor-element elementor-element-04030c0\" data-id=\"04030c0\" data-element_type=\"column\">\n\t\t\t<div class=\"elementor-widget-wrap elementor-element-populated\">\n\t\t\t\t\t\t\t\t<div class=\"elementor-element elementor-element-b945125 elementor-widget__width-initial elementor-widget elementor-widget-text-editor\" data-id=\"b945125\" data-element_type=\"widget\" data-widget_type=\"text-editor.default\">\n\t\t\t\t<div class=\"elementor-widget-container\">\n\t\t\t\t\t\t\t<p><b>https:\/\/wwwaltamirai.com\/es\/politica-de-privacidad\/<\/b><\/p><p>Siguiendo los principios de licitud, lealtad y transparencia, ponemos a su disposici\u00f3n la presente Pol\u00edtica de Privacidad.<br \/><br \/><\/p><h2>\u00bfQui\u00e9n es el responsable del tratamiento de sus datos?<\/h2><p><strong>R<\/strong><b>ESPONSABLE:<\/b>\u00a0\u00a0 ALTAMIRA INNOVACION S.L.<\/p><p><strong>CIF: <\/strong>B-86503638<\/p><p><strong>DOMICILIO SOCIAL:<\/strong> MARQUES DE ALTAMIRA 7, 28033 Madrid Espa\u00f1a<\/p><p><strong>Email:<\/strong> <a href=\"mailto:altamira.innovacion@gmail.com\" target=\"_blank\" rel=\"noopener\">altamira.innovacion@gmail.com<br \/><br \/><\/a><\/p><h2>\u00bfCon qu\u00e9 finalidad tratamos sus datos personales?<\/h2><p>En ALTAMIRA INNOVACION S.L. dependiendo de la categor\u00eda de cada interesado, tratamos la informaci\u00f3n que nos facilita con las siguientes finalidades:<\/p><p>INTERESADOS\u00a0Y FINALIDADES DEL TRATAMIENTO<\/p><p>STARUPS<\/p><p>Gestionar la potencial relaci\u00f3n societaria, comercial y\/o profesional, gestionar el env\u00edo de informaci\u00f3n solicitada y\/o resolver las consultas planteadas.<\/p><p>POTENCIALES CLIENTES<\/p><p>Gestionar la potencial relaci\u00f3n comercial y\/o profesional, gestionar el env\u00edo de informaci\u00f3n solicitada y\/o resolver las consultas planteadas, facilitar ofertas de nuestros servicios y\/o productos de su inter\u00e9s.<\/p><p>CLIENTES<\/p><p>Gestionar la relaci\u00f3n comercial y\/o profesional, facilitar ofertas de nuestros servicios y\/o productos de su inter\u00e9s.<\/p><p>PROVEEDORES<\/p><p>Gestionar la relaci\u00f3n comercial y\/o profesional.<\/p><p>CANDIDATOS<\/p><p>Gestionar el proceso de selecci\u00f3n de personal.<\/p><h2><br \/>\u00bfCu\u00e1l es la legitimaci\u00f3n para el tratamiento de sus datos?<\/h2><p>La base legal para el tratamiento de sus datos personales, dependiendo de la categor\u00eda de interesado de que se trate, puede ser:<\/p><p>INTERESADOS\u00a0y BASE LEGAL<\/p><p>POTENCIALES CLIENTES<\/p><p>Art. 6.1.b RGPD: aplicaci\u00f3n, a petici\u00f3n del interesado, de medidas precontractuales (presupuestos, hojas de encargo, ofertas de servicios\u2026).<\/p><p>Art. 6.1.f RGPD: Inter\u00e9s leg\u00edtimo (enviar informaci\u00f3n solicitada, responder a las consultas planteadas\u2026).<\/p><p>Art. 6.1.a RGPD: consentimiento del propio interesado (facilitar ofertas de nuestros servicios y\/o productos).<\/p><p>CLIENTES<\/p><p>Art. 6.1.b RGPD: ejecuci\u00f3n de un contrato en el que el interesado es parte.<\/p><p>PROVEEDORES<\/p><p>Art. 6.1.b RGPD: ejecuci\u00f3n de un contrato en el que el interesado es parte.<\/p><p>CANDIDATOS<\/p><p>Art. 6.1.a RGPD: consentimiento del propio interesado.<\/p><p>Los datos que le solicitamos son adecuados, pertinentes y estrictamente necesarios y en ning\u00fan caso est\u00e1 obligado a facilit\u00e1rnoslos, pero su no comunicaci\u00f3n podr\u00e1 afectar a la finalidad del servicio o la imposibilidad de prestarlo.<\/p><p>\u00a0<\/p><h2>\u00bfPor cu\u00e1nto tiempo conservaremos sus datos personales?<\/h2><p>Sus datos, ser\u00e1n conservados el tiempo m\u00ednimo necesario para la correcta prestaci\u00f3n del servicio ofrecido, as\u00ed como para atender las responsabilidades que se pudieran derivar del mismo y de cualquier otra exigencia legal.<\/p><h2><br \/>\u00bfA qu\u00e9 destinatarios se comunicar\u00e1n sus datos?<\/h2><p>LA EMPRESA no comunicar\u00e1 sus datos a ning\u00fan tercero, salvo que se informe de ello expresamente.<\/p><p>Adicionalmente le informamos que determinados datos, en virtud de la normativa vigente o de la relaci\u00f3n contractual que mantenga con LA EMPRESA podr\u00e1n ser comunicados a:<\/p><ul><li aria-level=\"1\">Los bancos y entidades financieras para el cobro de los servicios contratados y\/o productos comprados.<\/li><\/ul><ul><li aria-level=\"1\">Administraciones p\u00fablicas con competencia en los sectores de la actividad de LA EMPRESA, cuando as\u00ed lo establezca la normativa<\/li><\/ul><h2><br \/>\u00bfCu\u00e1les son sus derechos cuando nos facilita sus datos?<\/h2><p>Los derechos de protecci\u00f3n de datos que podr\u00e1n ejercer los interesados, cuando procedan, son:<\/p><ul><li aria-level=\"1\">Derecho a solicitar el acceso a los datos personales relativos al<\/li><\/ul><ul><li aria-level=\"1\">Derecho de rectificaci\u00f3n o supresi\u00f3n.<\/li><\/ul><ul><li aria-level=\"1\">Derecho de oposici\u00f3n.<\/li><\/ul><ul><li aria-level=\"1\">Derecho a solicitar la limitaci\u00f3n de su<\/li><\/ul><ul><li aria-level=\"1\">Derecho a la portabilidad de los<\/li><\/ul><ul><li aria-level=\"1\">Derecho a no ser objeto de decisiones basadas \u00fanicamente en el tratamiento automatizado de datos.<\/li><\/ul><p>Los titulares de los datos personales obtenidos, podr\u00e1n ejercer sus derechos de protecci\u00f3n de datos personales dirigiendo una comunicaci\u00f3n por escrito al domicilio social de ALTAMIRA INNOVACION S.L. o al correo electr\u00f3nico habilitado a tal efecto, altamira.innovacion@gmail.com<\/p><p>Modelos, formularios y m\u00e1s informaci\u00f3n disponible sobre sus derechos en la p\u00e1gina web de la autoridad de control nacional, Agencia Espa\u00f1ola de Protecci\u00f3n de Datos, en adelante, AEPD, <a href=\"http:\/\/www.aepd.es\">www.aepd.es<\/a><\/p><h2><br \/>\u00bfPuedo retirar el consentimiento?<\/h2><p>Usted tiene la posibilidad y el derecho a retirar el consentimiento para cualquier finalidad espec\u00edfica otorgada en su momento, sin que ello afecte a la licitud del tratamiento basado en el consentimiento previo a su retirada.<\/p><h2><br \/>\u00bfD\u00f3nde puedo reclamar en caso de que considere que no se tratan mis datos correctamente?<\/h2><p>Si alg\u00fan interesado considera que sus datos no son tratados correctamente por LA EMPRESA o que las solicitudes de ejercicio de derechos no han sido atendidas de forma satisfactoria, puede interponer una reclamaci\u00f3n ante a la autoridad de protecci\u00f3n de datos que corresponda, siendo la AEPD la indicada en el territorio nacional, <a href=\"http:\/\/www.aepd.es\">www.aepd.es<\/a><\/p><h2><br \/>Seguridad y actualizaci\u00f3n de sus datos personales<\/h2><p>Con el objetivo de salvaguardar la seguridad de sus datos personales, le informamos que ha adoptado todas las medidas de \u00edndole t\u00e9cnica y organizativa necesarias para garantizar la seguridad de los datos personales suministrados. Todo ello para evitar su alteraci\u00f3n, p\u00e9rdida, y\/o tratamientos o accesos no autorizados, tal como exige la normativa, si bien la seguridad absoluta no existe.<\/p><p>Es importante que, para que podamos mantener sus datos personales actualizados, nos informe siempre que se produzca una modificaci\u00f3n de los mismos.<\/p><h2><br \/>Confidencialidad<\/h2><p>LA EMPRESA le informa que sus datos ser\u00e1n tratados con el m\u00e1ximo celo y confidencialidad por todo el personal que intervenga en cualquiera de las fases del tratamiento. No cederemos ni comunicaremos a ning\u00fan tercero sus datos, excepto en los casos legalmente previstos, o salvo que el interesado nos hubiera autorizado expresamente.<\/p>\t\t\t\t\t\t<\/div>\n\t\t\t\t<\/div>\n\t\t\t\t\t<\/div>\n\t\t<\/div>\n\t\t\t\t\t\t\t<\/div>\n\t\t<\/section>\n\t\t\t\t\t\t\t<\/div>","protected":false},"excerpt":{"rendered":"<p>Pol\u00edtica de Privacidad https:\/\/wwwaltamirai.com\/es\/politica-de-privacidad\/ Siguiendo los principios de licitud, lealtad y transparencia, ponemos a su disposici\u00f3n la presente Pol\u00edtica de Privacidad. \u00bfQui\u00e9n es el responsable del tratamiento de sus datos? RESPONSABLE:\u00a0\u00a0 ALTAMIRA INNOVACION S.L. CIF: B-86503638 DOMICILIO SOCIAL: MARQUES DE ALTAMIRA 7, 28033 Madrid Espa\u00f1a Email: altamira.innovacion@gmail.com \u00bfCon qu\u00e9 finalidad tratamos sus datos personales? En [&hellip;]<\/p>","protected":false},"author":3,"featured_media":0,"parent":0,"menu_order":0,"comment_status":"closed","ping_status":"closed","template":"elementor_header_footer","meta":[],"yoast_head":"<!-- This site is optimized with the Yoast SEO plugin v20.12 - https:\/\/yoast.com\/wordpress\/plugins\/seo\/ -->\n<title>Pol\u00edtica de Privacidad - Altamira Innovaci\u00f3n<\/title>\n<meta name=\"robots\" content=\"index, follow, max-snippet:-1, max-image-preview:large, max-video-preview:-1\" \/>\n<link rel=\"canonical\" href=\"https:\/\/altamirai.com\/en\/politica-de-privacidad\/\" \/>\n<meta property=\"og:locale\" content=\"en_GB\" \/>\n<meta property=\"og:type\" content=\"article\" \/>\n<meta property=\"og:title\" content=\"Pol\u00edtica de Privacidad - Altamira Innovaci\u00f3n\" \/>\n<meta property=\"og:description\" content=\"Pol\u00edtica de Privacidad https:\/\/wwwaltamirai.com\/es\/politica-de-privacidad\/ Siguiendo los principios de licitud, lealtad y transparencia, ponemos a su disposici\u00f3n la presente Pol\u00edtica de Privacidad. \u00bfQui\u00e9n es el responsable del tratamiento de sus datos? RESPONSABLE:\u00a0\u00a0 ALTAMIRA INNOVACION S.L. CIF: B-86503638 DOMICILIO SOCIAL: MARQUES DE ALTAMIRA 7, 28033 Madrid Espa\u00f1a Email: altamira.innovacion@gmail.com \u00bfCon qu\u00e9 finalidad tratamos sus datos personales? En [&hellip;]\" \/>\n<meta property=\"og:url\" content=\"https:\/\/altamirai.com\/en\/politica-de-privacidad\/\" \/>\n<meta property=\"og:site_name\" content=\"Altamira Innovaci\u00f3n\" \/>\n<meta property=\"article:modified_time\" content=\"2023-05-08T13:18:41+00:00\" \/>\n<meta name=\"twitter:card\" content=\"summary_large_image\" \/>\n<meta name=\"twitter:label1\" content=\"Estimated reading time\" \/>\n\t<meta name=\"twitter:data1\" content=\"5 minutes\" \/>\n<script type=\"application\/ld+json\" class=\"yoast-schema-graph\">{\"@context\":\"https:\/\/schema.org\",\"@graph\":[{\"@type\":\"WebPage\",\"@id\":\"https:\/\/altamirai.com\/politica-de-privacidad\/\",\"url\":\"https:\/\/altamirai.com\/politica-de-privacidad\/\",\"name\":\"Pol\u00edtica de Privacidad - Altamira Innovaci\u00f3n\",\"isPartOf\":{\"@id\":\"https:\/\/altamirai.com\/#website\"},\"datePublished\":\"2021-12-15T14:23:51+00:00\",\"dateModified\":\"2023-05-08T13:18:41+00:00\",\"breadcrumb\":{\"@id\":\"https:\/\/altamirai.com\/politica-de-privacidad\/#breadcrumb\"},\"inLanguage\":\"en-GB\",\"potentialAction\":[{\"@type\":\"ReadAction\",\"target\":[\"https:\/\/altamirai.com\/politica-de-privacidad\/\"]}]},{\"@type\":\"BreadcrumbList\",\"@id\":\"https:\/\/altamirai.com\/politica-de-privacidad\/#breadcrumb\",\"itemListElement\":[{\"@type\":\"ListItem\",\"position\":1,\"name\":\"Portada\",\"item\":\"https:\/\/altamirai.com\/\"},{\"@type\":\"ListItem\",\"position\":2,\"name\":\"Pol\u00edtica de Privacidad\"}]},{\"@type\":\"WebSite\",\"@id\":\"https:\/\/altamirai.com\/#website\",\"url\":\"https:\/\/altamirai.com\/\",\"name\":\"Altamira Innovaci\u00f3n\",\"description\":\"Altamira innovaci\u00f3n re\u00fane a un grupo de profesionales dedicados a invertir en sociedades con fuerte componente de innovaci\u00f3n y tecnolog\u00eda, principalmente en Espa\u00f1a.\",\"publisher\":{\"@id\":\"https:\/\/altamirai.com\/#organization\"},\"potentialAction\":[{\"@type\":\"SearchAction\",\"target\":{\"@type\":\"EntryPoint\",\"urlTemplate\":\"https:\/\/altamirai.com\/?s={search_term_string}\"},\"query-input\":\"required name=search_term_string\"}],\"inLanguage\":\"en-GB\"},{\"@type\":\"Organization\",\"@id\":\"https:\/\/altamirai.com\/#organization\",\"name\":\"Altamira Innovaci\u00f3n\",\"url\":\"https:\/\/altamirai.com\/\",\"logo\":{\"@type\":\"ImageObject\",\"inLanguage\":\"en-GB\",\"@id\":\"https:\/\/altamirai.com\/#\/schema\/logo\/image\/\",\"url\":\"https:\/\/altamirai.com\/wp-content\/uploads\/2021\/12\/altamirai_logo.png\",\"contentUrl\":\"https:\/\/altamirai.com\/wp-content\/uploads\/2021\/12\/altamirai_logo.png\",\"width\":500,\"height\":160,\"caption\":\"Altamira Innovaci\u00f3n\"},\"image\":{\"@id\":\"https:\/\/altamirai.com\/#\/schema\/logo\/image\/\"}}]}<\/script>\n<!-- \/ Yoast SEO plugin. -->","yoast_head_json":{"title":"Pol\u00edtica de Privacidad - Altamira Innovaci\u00f3n","robots":{"index":"index","follow":"follow","max-snippet":"max-snippet:-1","max-image-preview":"max-image-preview:large","max-video-preview":"max-video-preview:-1"},"canonical":"https:\/\/altamirai.com\/en\/politica-de-privacidad\/","og_locale":"en_GB","og_type":"article","og_title":"Pol\u00edtica de Privacidad - Altamira Innovaci\u00f3n","og_description":"Pol\u00edtica de Privacidad https:\/\/wwwaltamirai.com\/es\/politica-de-privacidad\/ Siguiendo los principios de licitud, lealtad y transparencia, ponemos a su disposici\u00f3n la presente Pol\u00edtica de Privacidad. \u00bfQui\u00e9n es el responsable del tratamiento de sus datos? RESPONSABLE:\u00a0\u00a0 ALTAMIRA INNOVACION S.L. CIF: B-86503638 DOMICILIO SOCIAL: MARQUES DE ALTAMIRA 7, 28033 Madrid Espa\u00f1a Email: altamira.innovacion@gmail.com \u00bfCon qu\u00e9 finalidad tratamos sus datos personales? En [&hellip;]","og_url":"https:\/\/altamirai.com\/en\/politica-de-privacidad\/","og_site_name":"Altamira Innovaci\u00f3n","article_modified_time":"2023-05-08T13:18:41+00:00","twitter_card":"summary_large_image","twitter_misc":{"Estimated reading time":"5 minutes"},"schema":{"@context":"https:\/\/schema.org","@graph":[{"@type":"WebPage","@id":"https:\/\/altamirai.com\/politica-de-privacidad\/","url":"https:\/\/altamirai.com\/politica-de-privacidad\/","name":"Pol\u00edtica de Privacidad - Altamira Innovaci\u00f3n","isPartOf":{"@id":"https:\/\/altamirai.com\/#website"},"datePublished":"2021-12-15T14:23:51+00:00","dateModified":"2023-05-08T13:18:41+00:00","breadcrumb":{"@id":"https:\/\/altamirai.com\/politica-de-privacidad\/#breadcrumb"},"inLanguage":"en-GB","potentialAction":[{"@type":"ReadAction","target":["https:\/\/altamirai.com\/politica-de-privacidad\/"]}]},{"@type":"BreadcrumbList","@id":"https:\/\/altamirai.com\/politica-de-privacidad\/#breadcrumb","itemListElement":[{"@type":"ListItem","position":1,"name":"Portada","item":"https:\/\/altamirai.com\/"},{"@type":"ListItem","position":2,"name":"Pol\u00edtica de Privacidad"}]},{"@type":"WebSite","@id":"https:\/\/altamirai.com\/#website","url":"https:\/\/altamirai.com\/","name":"Altamira Innovaci\u00f3n","description":"Altamira innovaci\u00f3n re\u00fane a un grupo de profesionales dedicados a invertir en sociedades con fuerte componente de innovaci\u00f3n y tecnolog\u00eda, principalmente en Espa\u00f1a.","publisher":{"@id":"https:\/\/altamirai.com\/#organization"},"potentialAction":[{"@type":"SearchAction","target":{"@type":"EntryPoint","urlTemplate":"https:\/\/altamirai.com\/?s={search_term_string}"},"query-input":"required name=search_term_string"}],"inLanguage":"en-GB"},{"@type":"Organization","@id":"https:\/\/altamirai.com\/#organization","name":"Altamira Innovaci\u00f3n","url":"https:\/\/altamirai.com\/","logo":{"@type":"ImageObject","inLanguage":"en-GB","@id":"https:\/\/altamirai.com\/#\/schema\/logo\/image\/","url":"https:\/\/altamirai.com\/wp-content\/uploads\/2021\/12\/altamirai_logo.png","contentUrl":"https:\/\/altamirai.com\/wp-content\/uploads\/2021\/12\/altamirai_logo.png","width":500,"height":160,"caption":"Altamira Innovaci\u00f3n"},"image":{"@id":"https:\/\/altamirai.com\/#\/schema\/logo\/image\/"}}]}},"_links":{"self":[{"href":"https:\/\/altamirai.com\/en\/wp-json\/wp\/v2\/pages\/163"}],"collection":[{"href":"https:\/\/altamirai.com\/en\/wp-json\/wp\/v2\/pages"}],"about":[{"href":"https:\/\/altamirai.com\/en\/wp-json\/wp\/v2\/types\/page"}],"author":[{"embeddable":true,"href":"https:\/\/altamirai.com\/en\/wp-json\/wp\/v2\/users\/3"}],"replies":[{"embeddable":true,"href":"https:\/\/altamirai.com\/en\/wp-json\/wp\/v2\/comments?post=163"}],"version-history":[{"count":129,"href":"https:\/\/altamirai.com\/en\/wp-json\/wp\/v2\/pages\/163\/revisions"}],"predecessor-version":[{"id":1834,"href":"https:\/\/altamirai.com\/en\/wp-json\/wp\/v2\/pages\/163\/revisions\/1834"}],"wp:attachment":[{"href":"https:\/\/altamirai.com\/en\/wp-json\/wp\/v2\/media?parent=163"}],"curies":[{"name":"wp","href":"https:\/\/api.w.org\/{rel}","templated":true}]}}