{"id":1401,"date":"2023-04-12T16:33:07","date_gmt":"2023-04-12T15:33:07","guid":{"rendered":"https:\/\/altamirai.com\/?page_id=1401"},"modified":"2023-07-28T10:09:00","modified_gmt":"2023-07-28T09:09:00","slug":"terminos-y-condiciones","status":"publish","type":"page","link":"https:\/\/altamirai.com\/en\/terminos-y-condiciones\/","title":{"rendered":"T\u00e9rminos y Condiciones del Website"},"content":{"rendered":"<div data-elementor-type=\"wp-page\" data-elementor-id=\"1401\" class=\"elementor elementor-1401\" data-elementor-post-type=\"page\">\n\t\t\t\t\t\t\t\t\t<section class=\"elementor-section elementor-top-section elementor-element elementor-element-009b916 elementor-section-boxed elementor-section-height-default elementor-section-height-default\" data-id=\"009b916\" data-element_type=\"section\">\n\t\t\t\t\t\t<div class=\"elementor-container elementor-column-gap-default\">\n\t\t\t\t\t<div class=\"elementor-column elementor-col-100 elementor-top-column elementor-element elementor-element-071bf1c\" data-id=\"071bf1c\" data-element_type=\"column\">\n\t\t\t<div class=\"elementor-widget-wrap elementor-element-populated\">\n\t\t\t\t\t\t\t\t<div class=\"elementor-element elementor-element-a63716a elementor-widget elementor-widget-text-editor\" data-id=\"a63716a\" data-element_type=\"widget\" data-widget_type=\"text-editor.default\">\n\t\t\t\t<div class=\"elementor-widget-container\">\n\t\t\t<style>\/*! elementor - v3.14.0 - 26-06-2023 *\/\n.elementor-widget-text-editor.elementor-drop-cap-view-stacked .elementor-drop-cap{background-color:#69727d;color:#fff}.elementor-widget-text-editor.elementor-drop-cap-view-framed .elementor-drop-cap{color:#69727d;border:3px solid;background-color:transparent}.elementor-widget-text-editor:not(.elementor-drop-cap-view-default) .elementor-drop-cap{margin-top:8px}.elementor-widget-text-editor:not(.elementor-drop-cap-view-default) .elementor-drop-cap-letter{width:1em;height:1em}.elementor-widget-text-editor .elementor-drop-cap{float:left;text-align:center;line-height:1;font-size:50px}.elementor-widget-text-editor .elementor-drop-cap-letter{display:inline-block}<\/style>\t\t\t\t<h1>T\u00e9rminos y condiciones del website<\/h1>\t\t\t\t\t\t<\/div>\n\t\t\t\t<\/div>\n\t\t\t\t<div class=\"elementor-element elementor-element-8ee237e elementor-widget-divider--separator-type-pattern elementor-widget-divider--no-spacing elementor-widget-divider--view-line elementor-widget elementor-widget-divider\" data-id=\"8ee237e\" data-element_type=\"widget\" data-widget_type=\"divider.default\">\n\t\t\t\t<div class=\"elementor-widget-container\">\n\t\t\t<style>\/*! elementor - v3.14.0 - 26-06-2023 *\/\n.elementor-widget-divider{--divider-border-style:none;--divider-border-width:1px;--divider-color:#0c0d0e;--divider-icon-size:20px;--divider-element-spacing:10px;--divider-pattern-height:24px;--divider-pattern-size:20px;--divider-pattern-url:none;--divider-pattern-repeat:repeat-x}.elementor-widget-divider .elementor-divider{display:flex}.elementor-widget-divider .elementor-divider__text{font-size:15px;line-height:1;max-width:95%}.elementor-widget-divider .elementor-divider__element{margin:0 var(--divider-element-spacing);flex-shrink:0}.elementor-widget-divider .elementor-icon{font-size:var(--divider-icon-size)}.elementor-widget-divider .elementor-divider-separator{display:flex;margin:0;direction:ltr}.elementor-widget-divider--view-line_icon .elementor-divider-separator,.elementor-widget-divider--view-line_text .elementor-divider-separator{align-items:center}.elementor-widget-divider--view-line_icon .elementor-divider-separator:after,.elementor-widget-divider--view-line_icon .elementor-divider-separator:before,.elementor-widget-divider--view-line_text .elementor-divider-separator:after,.elementor-widget-divider--view-line_text .elementor-divider-separator:before{display:block;content:\"\";border-bottom:0;flex-grow:1;border-top:var(--divider-border-width) var(--divider-border-style) var(--divider-color)}.elementor-widget-divider--element-align-left .elementor-divider .elementor-divider-separator>.elementor-divider__svg:first-of-type{flex-grow:0;flex-shrink:100}.elementor-widget-divider--element-align-left .elementor-divider-separator:before{content:none}.elementor-widget-divider--element-align-left .elementor-divider__element{margin-left:0}.elementor-widget-divider--element-align-right .elementor-divider .elementor-divider-separator>.elementor-divider__svg:last-of-type{flex-grow:0;flex-shrink:100}.elementor-widget-divider--element-align-right .elementor-divider-separator:after{content:none}.elementor-widget-divider--element-align-right .elementor-divider__element{margin-right:0}.elementor-widget-divider:not(.elementor-widget-divider--view-line_text):not(.elementor-widget-divider--view-line_icon) .elementor-divider-separator{border-top:var(--divider-border-width) var(--divider-border-style) var(--divider-color)}.elementor-widget-divider--separator-type-pattern{--divider-border-style:none}.elementor-widget-divider--separator-type-pattern.elementor-widget-divider--view-line .elementor-divider-separator,.elementor-widget-divider--separator-type-pattern:not(.elementor-widget-divider--view-line) .elementor-divider-separator:after,.elementor-widget-divider--separator-type-pattern:not(.elementor-widget-divider--view-line) .elementor-divider-separator:before,.elementor-widget-divider--separator-type-pattern:not([class*=elementor-widget-divider--view]) .elementor-divider-separator{width:100%;min-height:var(--divider-pattern-height);-webkit-mask-size:var(--divider-pattern-size) 100%;mask-size:var(--divider-pattern-size) 100%;-webkit-mask-repeat:var(--divider-pattern-repeat);mask-repeat:var(--divider-pattern-repeat);background-color:var(--divider-color);-webkit-mask-image:var(--divider-pattern-url);mask-image:var(--divider-pattern-url)}.elementor-widget-divider--no-spacing{--divider-pattern-size:auto}.elementor-widget-divider--bg-round{--divider-pattern-repeat:round}.rtl .elementor-widget-divider .elementor-divider__text{direction:rtl}.e-con-inner>.elementor-widget-divider,.e-con>.elementor-widget-divider{width:var(--container-widget-width,100%);--flex-grow:var(--container-widget-flex-grow)}<\/style>\t\t<div class=\"elementor-divider\" style=\"--divider-pattern-url: url(&quot;data:image\/svg+xml,%3Csvg xmlns=&#039;http:\/\/www.w3.org\/2000\/svg&#039; preserveAspectRatio=&#039;none&#039; overflow=&#039;visible&#039; height=&#039;100%&#039; viewBox=&#039;0 0 24 24&#039; fill=&#039;black&#039; stroke=&#039;none&#039;%3E%3Cpath d=&#039;M24,8v12H0V8H24z M24,4v1H0V4H24z&#039;\/%3E%3C\/svg%3E&quot;);\">\n\t\t\t<span class=\"elementor-divider-separator\">\n\t\t\t\t\t\t<\/span>\n\t\t<\/div>\n\t\t\t\t<\/div>\n\t\t\t\t<\/div>\n\t\t\t\t<div class=\"elementor-element elementor-element-ce4bfbc elementor-widget elementor-widget-text-editor\" data-id=\"ce4bfbc\" data-element_type=\"widget\" data-widget_type=\"text-editor.default\">\n\t\t\t\t<div class=\"elementor-widget-container\">\n\t\t\t\t\t\t\t<p><b>Marzo 2023<\/b><\/p><h2>Propiedad del sitio web<\/h2><p>El siguiente documento denominado a partir de ahora como\u00a0\u201ct\u00e9rminos de uso\u201d regula el uso de la web\u00a0<a href=\"https:\/\/altamirai.com\/en\/\">www.ALTAMIRAi.com<\/a> , de ahora en adelante \u201cel sitio web\u201d, gestionado por ALTAMIRA INNOVACION S.L.<\/p><p>Este sitio web\u00a0es propiedad de\u00a0ALTAMIRA INNOVACION S.L., en adelante, LA EMPRESA, con CIF B-86503638, es una Sociedad Espa\u00f1ola con domicilio en Calle Marqu\u00e9s de Altamira 7, 28033, Madrid, Espa\u00f1a, inscrita en el Registro Mercantil de Madrid.<\/p><p>Si desea comunicarse con\u00a0nosotros, puede hacerlo escribiendo a: <a href=\"mailto:altamira.innovacion@gmail.com\">altamira.innovacion@gmail.com<\/a><\/p><p>Aceptaci\u00f3n de los t\u00e9rminos de uso<\/p><p>La utilizaci\u00f3n del\u00a0sitio web otorga la condici\u00f3n de usuario del\u00a0sitio web, de ahora en adelante, \u201cusuario\u201d, e implica la aceptaci\u00f3n de estos\u00a0t\u00e9rminos de uso publicada en el momento en el que este acceda al\u00a0sitio web. En consecuencia, el usuario deber\u00eda leer detenidamente estos\u00a0t\u00e9rminos de uso\u00a0en cada una de las ocasiones en las que visite y pretenda usar el\u00a0sitio web, puesto que estos podr\u00edan haber sido modificados.<\/p><p>LA EMPRESA\u00a0se reserva el derecho de modificar estos\u00a0t\u00e9rminos de uso\u00a0cuando considere conveniente, por lo que el\u00a0usuario\u00a0est\u00e1 obligado a revisarlos peri\u00f3dicamente para comprobar la versi\u00f3n en vigor.<\/p><p>La aplicaci\u00f3n general de estos\u00a0t\u00e9rminos de uso no excluye la posibilidad de que ciertos servicios del\u00a0sitio web o alguna de sus caracter\u00edsticas est\u00e9n sujetas a condiciones especiales de uso. En ese caso, el\u00a0usuario\u00a0ser\u00e1 informado y se requerir\u00e1 su aceptaci\u00f3n antes de activar dichos servicios o caracter\u00edsticas.<\/p><h2>Objetivo<\/h2><p>El\u00a0sitio web tiene como prop\u00f3sito principal informar al\u00a0usuario\u00a0acerca qui\u00e9n es LA EMPRESA, as\u00ed como publicitar sus posibles servicios o productos.<\/p><p>LA EMPRESA\u00a0puede, dependiendo del desarrollo y evoluci\u00f3n de sus productos y servicios, expandir o modificar este\u00a0sitio web, incluyendo o sustituyendo nuevos servicios, actividades o contenidos.<\/p><h2>Condici\u00f3n de usuario<\/h2><p>Se considera como\u00a0usuario\u00a0a cualquier persona mayor de edad que acceda al\u00a0sitio web por cualquier motivo, sin que sea necesario ning\u00fan registro previo para que asuma tal condici\u00f3n ni se requiera del mismo el env\u00edo de datos personales.<\/p><p>Se proporciona acceso al\u00a0sitio web al\u00a0usuario \u00fanicamente para consultar, buscar, enviar o publicar informaci\u00f3n.<\/p><h2>Uso apropiado del sitio<\/h2><p>El\u00a0usuario\u00a0conoce y acepta que los contenidos, funcionalidades o servicios del\u00a0sitio web se ofrecen \u201ctal cual\u201d y sin ning\u00fan tipo de garant\u00eda. En el caso de que decida usarlos o difundirlos, se compromete a hacerlo bajo su propia responsabilidad.<\/p><p>El\u00a0usuario\u00a0conoce y acepta que el uso del\u00a0sitio web y los servicios ofrecidos por\u00a0LA EMPRESA implica la aceptaci\u00f3n de estos\u00a0t\u00e9rminos de uso y se compromete a usar los mismos de forma apropiada y sin cometer ninguna actividad ilegal, violar derechos de terceros, infringir leyes de propiedad intelectual o cualquier otra legislaci\u00f3n aplicable.<\/p><p>El\u00a0usuario\u00a0se compromete a no introducir o difundir ning\u00fan virus en el\u00a0sitio web, o en la infraestructura inform\u00e1tica que lo soporta, que pueda causar da\u00f1os y perjuicios a\u00a0LA EMPRESA\u00a0y a sus usuarios.<\/p><p>El\u00a0usuario\u00a0acepta y se compromete a no llevar a cabo ninguna acci\u00f3n que pueda da\u00f1ar la reputaci\u00f3n y buen nombre de LA EMPRESA, sus empleados, partners, empresas participadas y socios.<\/p><h2>Disponibilidad y uso del sitio web<\/h2><p>LA EMPRESA no es responsable ante el\u00a0usuario\u00a0por el mal funcionamiento del sitio web, ni por la interrupci\u00f3n, demora, lentitud, p\u00e9rdida o desconexiones en las comunicaciones y la transmisi\u00f3n de mensajes.\u00a0LA EMPRESA no garantiza ni se responsabiliza del funcionamiento continuo, constante e ininterrumpido del sitio web.<\/p><h2>Responsabilidad del usuario<\/h2><p>A pesar del esfuerzo de\u00a0LA EMPRESA\u00a0para implementar los altos est\u00e1ndares de seguridad,\u00a0LA EMPRESA\u00a0no se responsabiliza, ni directa ni indirectamente, por da\u00f1os de ning\u00fan tipo causados al usuario como resultado de la presencia de virus u otros elementos en los servicios y contenidos del\u00a0sitio web.\u00a0<\/p><p>Tampoco ser\u00e1 responsable de los da\u00f1os y p\u00e9rdidas causados al\u00a0usuario\u00a0por errores de acceso y errores en el acceso, en las conexiones, transmisiones o interrupciones sin causa justificada del servicio, por intrusiones, virus inform\u00e1ticos, env\u00edos publicitarios masivos de terceros o donde esas causas se deben a situaciones fuera del\u00a0sitio web, como defectos en el dispositivo de conexi\u00f3n del\u00a0usuario, deficiencia en su conexi\u00f3n, virus internos o problemas de comunicaci\u00f3n del proveedor de internet del usuario, o cuando estos sean por causa mayor.<\/p><div>\u00a0<\/div><h2>Exenci\u00f3n de responsabilidad por links de terceros<\/h2><p>LA EMPRESA\u00a0no ser\u00e1 responsable, ni directa ni indirectamente, por los posibles da\u00f1os de cualquier tipo causados al\u00a0usuario\u00a0como resultado de su visita a otras p\u00e1ginas y sitios web conectados con el\u00a0sitio web mediante links \u201cenlaces electr\u00f3nicos\u201d ya que no tiene capacidad ni t\u00e9cnica ni legal para controlar o supervisar el contenidos de esas webs externas. El\u00a0usuario\u00a0asume todos los riesgos derivados de la utilizaci\u00f3n de dichos links y la visita a otras p\u00e1ginas y\/o aplicaciones web.<\/p><h2>Responsabilidad de terceros<\/h2><p>LA EMPRESA\u00a0no se responsabiliza por actos realizados por terceros, fuera del sistema, que incluyen la ruptura de las medidas de seguridad, la realizaci\u00f3n de actos contra el\u00a0usuario\u00a0como el env\u00edo de virus inform\u00e1ticos, publicidad masiva o correo no deseado, correos electr\u00f3nicos comerciales, interrupci\u00f3n del servicio y acceso a mensajes.<\/p><p>LA EMPRESA se compromete a adoptar las medidas t\u00e9cnicas, organizativas y legales para proteger las comunicaciones desde y hacia el\u00a0sitio web\u00a0exigidas por la ley. Sin perjuicio de lo anterior,\u00a0LA EMPRESA\u00a0no puede garantizarlas o asegurarlas y, por tanto, no asume ninguna responsabilidad asociada con una brecha de seguridad en sus sistemas por parte de un tercero de mala fe.<\/p><p>LA EMPRESA no se responsabiliza por ning\u00fan da\u00f1o causado por actos de fuerza mayor o por un rendimiento inadecuado del sitio web o sus servicios por razones ajenas a su control. Esto puede incluir la siguiente lista no exhaustiva: mal funcionamiento de los operadores de Internet, configuraci\u00f3n incorrecta del ordenador (o la computadora) del usuario o capacidad insuficiente del sistema inform\u00e1tico para admitir el contenido y el alcance de la informaci\u00f3n que se muestra en el portal.<\/p><h2>Propiedad intelectual del sitio web<\/h2><p>LA EMPRESA es el propietario de todos los derechos intelectuales y comerciales que permiten la utilizaci\u00f3n del dominio, marcas registradas, logos, aplicaciones, informaci\u00f3n y otros trabajos relacionados con el\u00a0sitio web, la tecnolog\u00eda y los contenidos asociados al mismo, o ha obtenido el permiso y licencias necesarios para hacerlo, con la excepci\u00f3n de marcas, logos y nombres de terceras compa\u00f1\u00edas mencionadas en el sitio web como son el Grupo Ingenium Tecnolog\u00eda, Bersity, Book Your Stadium, BStadium, High Yield Investment, HYI, Gamepaths, Ixorigu\u00e9, Nymiz, Wiyo, Greyhounders, Inveert, ESADE, ESADEBAN, y cualquier otra empresa mencionada en ese apartado. Cada una de estas empresas es la proprietaria de su nombre, logo, marca, y sitio web.<\/p><p>Los contenidos del\u00a0sitio web, incluyendo dise\u00f1os, aplicaciones, textos, im\u00e1genes y c\u00f3digo fuente, denominados en conjunto como\u00a0\u201ccontenido\u201d, est\u00e1n protegidos por derechos de propiedad intelectual.<\/p><h2>Privacidad y confidencialidad<\/h2><p>El\u00a0usuario\u00a0conoce y acepta la Pol\u00edtica de Privacidad del\u00a0sitio web.<\/p>\t\t\t\t\t\t<\/div>\n\t\t\t\t<\/div>\n\t\t\t\t\t<\/div>\n\t\t<\/div>\n\t\t\t\t\t\t\t<\/div>\n\t\t<\/section>\n\t\t\t\t\t\t\t<\/div>","protected":false},"excerpt":{"rendered":"<p>T\u00e9rminos y condiciones del website Marzo 2023 Propiedad del sitio web El siguiente documento denominado a partir de ahora como\u00a0\u201ct\u00e9rminos de uso\u201d regula el uso de la web\u00a0www.ALTAMIRAi.com , de ahora en adelante \u201cel sitio web\u201d, gestionado por ALTAMIRA INNOVACION S.L. Este sitio web\u00a0es propiedad de\u00a0ALTAMIRA INNOVACION S.L., en adelante, LA EMPRESA, con CIF B-86503638, [&hellip;]<\/p>","protected":false},"author":3,"featured_media":0,"parent":0,"menu_order":0,"comment_status":"closed","ping_status":"closed","template":"elementor_theme","meta":[],"yoast_head":"<!-- This site is optimized with the Yoast SEO plugin v20.12 - https:\/\/yoast.com\/wordpress\/plugins\/seo\/ -->\n<title>T\u00e9rminos y Condiciones del Website - Altamira Innovaci\u00f3n<\/title>\n<meta name=\"robots\" content=\"index, follow, max-snippet:-1, max-image-preview:large, max-video-preview:-1\" \/>\n<link rel=\"canonical\" href=\"https:\/\/altamirai.com\/en\/terminos-y-condiciones\/\" \/>\n<meta property=\"og:locale\" content=\"en_GB\" \/>\n<meta property=\"og:type\" content=\"article\" \/>\n<meta property=\"og:title\" content=\"T\u00e9rminos y Condiciones del Website - Altamira Innovaci\u00f3n\" \/>\n<meta property=\"og:description\" content=\"T\u00e9rminos y condiciones del website Marzo 2023 Propiedad del sitio web El siguiente documento denominado a partir de ahora como\u00a0\u201ct\u00e9rminos de uso\u201d regula el uso de la web\u00a0www.ALTAMIRAi.com , de ahora en adelante \u201cel sitio web\u201d, gestionado por ALTAMIRA INNOVACION S.L. Este sitio web\u00a0es propiedad de\u00a0ALTAMIRA INNOVACION S.L., en adelante, LA EMPRESA, con CIF B-86503638, [&hellip;]\" \/>\n<meta property=\"og:url\" content=\"https:\/\/altamirai.com\/en\/terminos-y-condiciones\/\" \/>\n<meta property=\"og:site_name\" content=\"Altamira Innovaci\u00f3n\" \/>\n<meta property=\"article:modified_time\" content=\"2023-07-28T09:09:00+00:00\" \/>\n<meta name=\"twitter:card\" content=\"summary_large_image\" \/>\n<meta name=\"twitter:label1\" content=\"Estimated reading time\" \/>\n\t<meta name=\"twitter:data1\" content=\"6 minutes\" \/>\n<script type=\"application\/ld+json\" class=\"yoast-schema-graph\">{\"@context\":\"https:\/\/schema.org\",\"@graph\":[{\"@type\":\"WebPage\",\"@id\":\"https:\/\/altamirai.com\/terminos-y-condiciones\/\",\"url\":\"https:\/\/altamirai.com\/terminos-y-condiciones\/\",\"name\":\"T\u00e9rminos y Condiciones del Website - Altamira Innovaci\u00f3n\",\"isPartOf\":{\"@id\":\"https:\/\/altamirai.com\/#website\"},\"datePublished\":\"2023-04-12T15:33:07+00:00\",\"dateModified\":\"2023-07-28T09:09:00+00:00\",\"breadcrumb\":{\"@id\":\"https:\/\/altamirai.com\/terminos-y-condiciones\/#breadcrumb\"},\"inLanguage\":\"en-GB\",\"potentialAction\":[{\"@type\":\"ReadAction\",\"target\":[\"https:\/\/altamirai.com\/terminos-y-condiciones\/\"]}]},{\"@type\":\"BreadcrumbList\",\"@id\":\"https:\/\/altamirai.com\/terminos-y-condiciones\/#breadcrumb\",\"itemListElement\":[{\"@type\":\"ListItem\",\"position\":1,\"name\":\"Portada\",\"item\":\"https:\/\/altamirai.com\/\"},{\"@type\":\"ListItem\",\"position\":2,\"name\":\"T\u00e9rminos y Condiciones del Website\"}]},{\"@type\":\"WebSite\",\"@id\":\"https:\/\/altamirai.com\/#website\",\"url\":\"https:\/\/altamirai.com\/\",\"name\":\"Altamira Innovaci\u00f3n\",\"description\":\"Altamira innovaci\u00f3n re\u00fane a un grupo de profesionales dedicados a invertir en sociedades con fuerte componente de innovaci\u00f3n y tecnolog\u00eda, principalmente en Espa\u00f1a.\",\"publisher\":{\"@id\":\"https:\/\/altamirai.com\/#organization\"},\"potentialAction\":[{\"@type\":\"SearchAction\",\"target\":{\"@type\":\"EntryPoint\",\"urlTemplate\":\"https:\/\/altamirai.com\/?s={search_term_string}\"},\"query-input\":\"required name=search_term_string\"}],\"inLanguage\":\"en-GB\"},{\"@type\":\"Organization\",\"@id\":\"https:\/\/altamirai.com\/#organization\",\"name\":\"Altamira Innovaci\u00f3n\",\"url\":\"https:\/\/altamirai.com\/\",\"logo\":{\"@type\":\"ImageObject\",\"inLanguage\":\"en-GB\",\"@id\":\"https:\/\/altamirai.com\/#\/schema\/logo\/image\/\",\"url\":\"https:\/\/altamirai.com\/wp-content\/uploads\/2021\/12\/altamirai_logo.png\",\"contentUrl\":\"https:\/\/altamirai.com\/wp-content\/uploads\/2021\/12\/altamirai_logo.png\",\"width\":500,\"height\":160,\"caption\":\"Altamira Innovaci\u00f3n\"},\"image\":{\"@id\":\"https:\/\/altamirai.com\/#\/schema\/logo\/image\/\"}}]}<\/script>\n<!-- \/ Yoast SEO plugin. -->","yoast_head_json":{"title":"T\u00e9rminos y Condiciones del Website - Altamira Innovaci\u00f3n","robots":{"index":"index","follow":"follow","max-snippet":"max-snippet:-1","max-image-preview":"max-image-preview:large","max-video-preview":"max-video-preview:-1"},"canonical":"https:\/\/altamirai.com\/en\/terminos-y-condiciones\/","og_locale":"en_GB","og_type":"article","og_title":"T\u00e9rminos y Condiciones del Website - Altamira Innovaci\u00f3n","og_description":"T\u00e9rminos y condiciones del website Marzo 2023 Propiedad del sitio web El siguiente documento denominado a partir de ahora como\u00a0\u201ct\u00e9rminos de uso\u201d regula el uso de la web\u00a0www.ALTAMIRAi.com , de ahora en adelante \u201cel sitio web\u201d, gestionado por ALTAMIRA INNOVACION S.L. Este sitio web\u00a0es propiedad de\u00a0ALTAMIRA INNOVACION S.L., en adelante, LA EMPRESA, con CIF B-86503638, [&hellip;]","og_url":"https:\/\/altamirai.com\/en\/terminos-y-condiciones\/","og_site_name":"Altamira Innovaci\u00f3n","article_modified_time":"2023-07-28T09:09:00+00:00","twitter_card":"summary_large_image","twitter_misc":{"Estimated reading time":"6 minutes"},"schema":{"@context":"https:\/\/schema.org","@graph":[{"@type":"WebPage","@id":"https:\/\/altamirai.com\/terminos-y-condiciones\/","url":"https:\/\/altamirai.com\/terminos-y-condiciones\/","name":"T\u00e9rminos y Condiciones del Website - Altamira Innovaci\u00f3n","isPartOf":{"@id":"https:\/\/altamirai.com\/#website"},"datePublished":"2023-04-12T15:33:07+00:00","dateModified":"2023-07-28T09:09:00+00:00","breadcrumb":{"@id":"https:\/\/altamirai.com\/terminos-y-condiciones\/#breadcrumb"},"inLanguage":"en-GB","potentialAction":[{"@type":"ReadAction","target":["https:\/\/altamirai.com\/terminos-y-condiciones\/"]}]},{"@type":"BreadcrumbList","@id":"https:\/\/altamirai.com\/terminos-y-condiciones\/#breadcrumb","itemListElement":[{"@type":"ListItem","position":1,"name":"Portada","item":"https:\/\/altamirai.com\/"},{"@type":"ListItem","position":2,"name":"T\u00e9rminos y Condiciones del Website"}]},{"@type":"WebSite","@id":"https:\/\/altamirai.com\/#website","url":"https:\/\/altamirai.com\/","name":"Altamira Innovaci\u00f3n","description":"Altamira innovaci\u00f3n re\u00fane a un grupo de profesionales dedicados a invertir en sociedades con fuerte componente de innovaci\u00f3n y tecnolog\u00eda, principalmente en Espa\u00f1a.","publisher":{"@id":"https:\/\/altamirai.com\/#organization"},"potentialAction":[{"@type":"SearchAction","target":{"@type":"EntryPoint","urlTemplate":"https:\/\/altamirai.com\/?s={search_term_string}"},"query-input":"required name=search_term_string"}],"inLanguage":"en-GB"},{"@type":"Organization","@id":"https:\/\/altamirai.com\/#organization","name":"Altamira Innovaci\u00f3n","url":"https:\/\/altamirai.com\/","logo":{"@type":"ImageObject","inLanguage":"en-GB","@id":"https:\/\/altamirai.com\/#\/schema\/logo\/image\/","url":"https:\/\/altamirai.com\/wp-content\/uploads\/2021\/12\/altamirai_logo.png","contentUrl":"https:\/\/altamirai.com\/wp-content\/uploads\/2021\/12\/altamirai_logo.png","width":500,"height":160,"caption":"Altamira Innovaci\u00f3n"},"image":{"@id":"https:\/\/altamirai.com\/#\/schema\/logo\/image\/"}}]}},"_links":{"self":[{"href":"https:\/\/altamirai.com\/en\/wp-json\/wp\/v2\/pages\/1401"}],"collection":[{"href":"https:\/\/altamirai.com\/en\/wp-json\/wp\/v2\/pages"}],"about":[{"href":"https:\/\/altamirai.com\/en\/wp-json\/wp\/v2\/types\/page"}],"author":[{"embeddable":true,"href":"https:\/\/altamirai.com\/en\/wp-json\/wp\/v2\/users\/3"}],"replies":[{"embeddable":true,"href":"https:\/\/altamirai.com\/en\/wp-json\/wp\/v2\/comments?post=1401"}],"version-history":[{"count":32,"href":"https:\/\/altamirai.com\/en\/wp-json\/wp\/v2\/pages\/1401\/revisions"}],"predecessor-version":[{"id":2033,"href":"https:\/\/altamirai.com\/en\/wp-json\/wp\/v2\/pages\/1401\/revisions\/2033"}],"wp:attachment":[{"href":"https:\/\/altamirai.com\/en\/wp-json\/wp\/v2\/media?parent=1401"}],"curies":[{"name":"wp","href":"https:\/\/api.w.org\/{rel}","templated":true}]}}